{"id":310,"date":"2024-07-15T10:17:07","date_gmt":"2024-07-15T09:17:07","guid":{"rendered":"https:\/\/vrtechnics.instawp.xyz\/?page_id=310"},"modified":"2024-08-07T15:41:03","modified_gmt":"2024-08-07T13:41:03","slug":"plan-du-site","status":"publish","type":"page","link":"https:\/\/www.vrtechnics.be\/fr\/sitemap\/","title":{"rendered":"Plan du site"},"content":{"rendered":"<div data-elementor-type=\"wp-page\" data-elementor-id=\"310\" class=\"elementor elementor-310\" data-elementor-post-type=\"page\">\n\t\t\t\t<div class=\"elementor-element elementor-element-51b9dba e-flex e-con-boxed e-con e-parent\" data-id=\"51b9dba\" data-element_type=\"container\" data-e-type=\"container\" data-settings=\"{&quot;jet_parallax_layout_list&quot;:[]}\">\n\t\t\t\t\t<div class=\"e-con-inner\">\n\t\t\t\t<div class=\"elementor-element elementor-element-ba70163 elementor-widget elementor-widget-sitemap\" data-id=\"ba70163\" data-element_type=\"widget\" data-e-type=\"widget\" data-widget_type=\"sitemap.default\">\n\t\t\t\t<div class=\"elementor-widget-container\">\n\t\t\t\t\t<div class=\"elementor-sitemap-wrap\"><div class=\"elementor-sitemap-section\"><h2 class=\"elementor-sitemap-title elementor-sitemap-page-title\">Pages<\/h2><ul class=\"elementor-sitemap-list elementor-sitemap-page-list\"><li class=\"elementor-sitemap-item elementor-sitemap-item-page page_item page-item-12\"><a href=\"https:\/\/www.vrtechnics.be\/fr\/activiteiten\/\">Activit\u00e9s<\/a><ul class='children'><li class=\"elementor-sitemap-item elementor-sitemap-item-page page_item page-item-83\"><a href=\"https:\/\/www.vrtechnics.be\/fr\/activiteiten\/branddetectie\/\">D\u00e9tection d'incendie<\/a><\/li><li class=\"elementor-sitemap-item elementor-sitemap-item-page page_item page-item-85\"><a href=\"https:\/\/www.vrtechnics.be\/fr\/activiteiten\/camerabewaking\/\">Surveillance par cam\u00e9ra<\/a><\/li><li class=\"elementor-sitemap-item elementor-sitemap-item-page page_item page-item-81\"><a href=\"https:\/\/www.vrtechnics.be\/fr\/activiteiten\/inbraakbeveiliging\/\">Protection contre les intrusions<\/a><\/li><li class=\"elementor-sitemap-item elementor-sitemap-item-page page_item page-item-93\"><a href=\"https:\/\/www.vrtechnics.be\/fr\/activiteiten\/parlofonie-videofonie\/\">Parlophonie et vid\u00e9ophonie<\/a><\/li><li class=\"elementor-sitemap-item elementor-sitemap-item-page page_item page-item-91\"><a href=\"https:\/\/www.vrtechnics.be\/fr\/activiteiten\/poortautomatisatie-slagbomen\/\">Automatisation des portes et barri\u00e8res<\/a><\/li><li class=\"elementor-sitemap-item elementor-sitemap-item-page page_item page-item-87\"><a href=\"https:\/\/www.vrtechnics.be\/fr\/activiteiten\/toegangscontrole\/\">Contr\u00f4le d'acc\u00e8s<\/a><\/li><\/ul><\/li><li class=\"elementor-sitemap-item elementor-sitemap-item-page page_item page-item-1080\"><a href=\"https:\/\/www.vrtechnics.be\/fr\/algemene-voorwaarden\/\">Conditions g\u00e9n\u00e9rales d'utilisation<\/a><\/li><li class=\"elementor-sitemap-item elementor-sitemap-item-page page_item page-item-48\"><a href=\"https:\/\/www.vrtechnics.be\/fr\/contact\/\">Contact<\/a><\/li><li class=\"elementor-sitemap-item elementor-sitemap-item-page page_item page-item-943\"><a href=\"https:\/\/www.vrtechnics.be\/fr\/\">Accueil<\/a><\/li><li class=\"elementor-sitemap-item elementor-sitemap-item-page page_item page-item-16\"><a href=\"https:\/\/www.vrtechnics.be\/fr\/over-ons\/\">A propos de nous<\/a><\/li><li class=\"elementor-sitemap-item elementor-sitemap-item-page page_item page-item-307\"><a href=\"https:\/\/www.vrtechnics.be\/fr\/privacy-beleid\/\">Vie priv\u00e9e<\/a><\/li><li class=\"elementor-sitemap-item elementor-sitemap-item-page page_item page-item-14\"><a href=\"https:\/\/www.vrtechnics.be\/fr\/realisaties\/\">R\u00e9alisations<\/a><\/li><li class=\"elementor-sitemap-item elementor-sitemap-item-page page_item page-item-310\"><a href=\"https:\/\/www.vrtechnics.be\/fr\/sitemap\/\">Plan du site<\/a><\/li><\/ul><\/div><div class=\"elementor-sitemap-section\"><h2 class=\"elementor-sitemap-title elementor-sitemap-realisatie-title\">R\u00e9alisations<\/h2><ul class=\"elementor-sitemap-list elementor-sitemap-realisatie-list\"><li class=\"elementor-sitemap-item elementor-sitemap-item-realisatie page_item page-item-846\"><a href=\"https:\/\/www.vrtechnics.be\/fr\/realisatie\/automatisatie-van-een-enkele-draaipoort\/\">Automatisation d'un portail \u00e0 battant unique<\/a><\/li><li class=\"elementor-sitemap-item elementor-sitemap-item-realisatie page_item page-item-1249\"><a href=\"https:\/\/www.vrtechnics.be\/fr\/realisatie\/toegangscontrole-en-videofonie-in-een-kmo-unit\/\">Contr\u00f4le d'acc\u00e8s et vid\u00e9ophone dans une PME<\/a><\/li><\/ul><\/div><\/div>\t\t\t\t<\/div>\n\t\t\t\t<\/div>\n\t\t\t\t\t<\/div>\n\t\t\t\t<\/div>\n\t\t\t\t<\/div>","protected":false},"excerpt":{"rendered":"","protected":false},"author":1,"featured_media":0,"parent":0,"menu_order":0,"comment_status":"closed","ping_status":"closed","template":"","meta":{"_seopress_robots_primary_cat":"","_seopress_titles_title":"","_seopress_titles_desc":"","_seopress_robots_index":"","iawp_total_views":23,"footnotes":""},"class_list":["post-310","page","type-page","status-publish","hentry"],"_links":{"self":[{"href":"https:\/\/www.vrtechnics.be\/fr\/wp-json\/wp\/v2\/pages\/310","targetHints":{"allow":["GET"]}}],"collection":[{"href":"https:\/\/www.vrtechnics.be\/fr\/wp-json\/wp\/v2\/pages"}],"about":[{"href":"https:\/\/www.vrtechnics.be\/fr\/wp-json\/wp\/v2\/types\/page"}],"author":[{"embeddable":true,"href":"https:\/\/www.vrtechnics.be\/fr\/wp-json\/wp\/v2\/users\/1"}],"replies":[{"embeddable":true,"href":"https:\/\/www.vrtechnics.be\/fr\/wp-json\/wp\/v2\/comments?post=310"}],"version-history":[{"count":13,"href":"https:\/\/www.vrtechnics.be\/fr\/wp-json\/wp\/v2\/pages\/310\/revisions"}],"predecessor-version":[{"id":1079,"href":"https:\/\/www.vrtechnics.be\/fr\/wp-json\/wp\/v2\/pages\/310\/revisions\/1079"}],"wp:attachment":[{"href":"https:\/\/www.vrtechnics.be\/fr\/wp-json\/wp\/v2\/media?parent=310"}],"curies":[{"name":"wp","href":"https:\/\/api.w.org\/{rel}","templated":true}]}}